{"id":4203,"date":"2025-11-25T12:08:50","date_gmt":"2025-11-25T12:08:50","guid":{"rendered":"https:\/\/astekor.ee\/product\/gotland-krista-9090200cm\/"},"modified":"2025-11-25T12:17:32","modified_gmt":"2025-11-25T12:17:32","slug":"gotland-krista-9090200cm","status":"publish","type":"product","link":"https:\/\/astekor.ee\/ru\/product\/gotland-krista-9090200cm\/","title":{"rendered":"GOTLAND KRISTA 90*90*200cm"},"content":{"rendered":"","protected":false},"excerpt":{"rendered":"<p>Tehnilised andmed<\/p>\n<p>1.Klaasi paksus: 4mm<\/p>\n<p>2.Klaasi t\u00fc\u00fcp:L\u00e4bipaistev, tagasein valge<\/p>\n<p>3.Profiili toon: must<\/p>\n<p>4.Rullikute t\u00fc\u00fcp: must<\/p>\n<p>\u00dclemised:kahesed<\/p>\n<p>Alumised:\u00fchesed<\/p>\n<p>5.Aluse t\u00fc\u00fcp: Madal (12cm), du\u0161ialus<\/p>\n<p>6.Pakend: 3 pakki<\/p>\n<p>7.Sifoon ei kuulu komplekti<\/p>\n<p>8.Alumise k\u00e4sidu\u0161iga must<\/p>\n<p>9.Katus puudub<\/p>\n","protected":false},"featured_media":4201,"template":"","meta":[],"product_brand":[],"product_cat":[46],"product_tag":[],"class_list":{"0":"post-4203","1":"product","2":"type-product","3":"status-publish","4":"has-post-thumbnail","6":"product_cat-46","8":"first","9":"instock","10":"sale","11":"shipping-taxable","12":"purchasable","13":"product-type-simple"},"_links":{"self":[{"href":"https:\/\/astekor.ee\/ru\/wp-json\/wp\/v2\/product\/4203","targetHints":{"allow":["GET"]}}],"collection":[{"href":"https:\/\/astekor.ee\/ru\/wp-json\/wp\/v2\/product"}],"about":[{"href":"https:\/\/astekor.ee\/ru\/wp-json\/wp\/v2\/types\/product"}],"wp:featuredmedia":[{"embeddable":true,"href":"https:\/\/astekor.ee\/ru\/wp-json\/wp\/v2\/media\/4201"}],"wp:attachment":[{"href":"https:\/\/astekor.ee\/ru\/wp-json\/wp\/v2\/media?parent=4203"}],"wp:term":[{"taxonomy":"product_brand","embeddable":true,"href":"https:\/\/astekor.ee\/ru\/wp-json\/wp\/v2\/product_brand?post=4203"},{"taxonomy":"product_cat","embeddable":true,"href":"https:\/\/astekor.ee\/ru\/wp-json\/wp\/v2\/product_cat?post=4203"},{"taxonomy":"product_tag","embeddable":true,"href":"https:\/\/astekor.ee\/ru\/wp-json\/wp\/v2\/product_tag?post=4203"}],"curies":[{"name":"wp","href":"https:\/\/api.w.org\/{rel}","templated":true}]}}